{"id":14,"date":"2020-12-12T13:43:08","date_gmt":"2020-12-12T12:43:08","guid":{"rendered":"http:\/\/bj21.de\/?page_id=14"},"modified":"2023-05-24T21:54:09","modified_gmt":"2023-05-24T19:54:09","slug":"black-jack-profi-free","status":"publish","type":"page","link":"https:\/\/bj21.de\/index.php\/black-jack-profi-free\/","title":{"rendered":"Black Jack Profi free"},"content":{"rendered":"\n<h4 class=\"wp-block-heading\">Das Programm Black Jack Profi hat zwei Gesichter:<\/h4>\n\n\n\n<ol type=\"1\">\n<li>zum einen ist es freeware, die ohne Einschr\u00e4nkung genutzt werden kann.<\/li>\n\n\n\n<li>zum anderen l\u00e4sst es sich zur Coach-Version freischalten, mit der die Counterstrategie erlernt werden kann, die Black Jack weltweit zum einzigen Casinospiel mit positiver Gewinnerwartung macht. Hei\u00dft, wer die Strategie beherrscht, gewinnt auf Dauer.<\/li>\n<\/ol>\n\n\n\n<p><a href=\"https:\/\/Lotterfee.com\/sdc_download\/430\/?key=ootoa9vyl887l4w7xno0186j5025wj\">Black Jack Profi herunterladen<\/a>.<\/p>\n\n\n\n<h4>Zur Version Black Jack Profi free:<\/h4>\n<ul>\n<li class=\"s\">Die <b>Anzahl der Spieler<\/b> kann zwischen 1 und 7 gew\u00e4hlt werden.<\/li>\n<li class=\"s\">F\u00fcr jeden Spieler k\u00f6nnen Sie entscheiden ob <b>Sie selbst<\/b> oder der <b>Computer (Robot) spielt<\/b>.<\/li>\n<li class=\"s\">Beliebig lang k\u00f6nnen Sie ein <b>Casino-Atmosph\u00e4re<\/b> simulieren. Bis Sie stoppen, werden Karten neu gemischt und gespielt.<\/li>\n<li class=\"s\">Die h\u00e4ufigsten <b>Regelvarianten<\/b> k\u00f6nnen eingestellt werden. Mit wie vielen Decks gespielt wird, wann verdoppelt werden darf, obe es Einschr\u00e4nkungen beim Teilen gibt und Aufgeben erlaubt ist.<\/li>\n<li class=\"s\">F\u00fcr jeden Spieler kann ein <b>Spielkapital<\/b> zwischen 100 und 10.000 \u20ac gew\u00e4hlt werden. Die <b>St\u00fcckgr\u00f6\u00dfe<\/b> kann zwische 1 und 50 varieren.<\/li>\n<li class=\"s\">F\u00fcr jeden Spieler wird der Spielverlauf mit den gefallenen Karten und getroffenen <b>Entscheidungen protokolliert<\/b>.<\/li>\n<li class=\"s\">Unter den <b>Programmeinstellungen<\/b> k\u00f6nnen <b>Sounds gew\u00e4hlt<\/b> werden und der <b>Spielablauf zeitlich gesteuert<\/b> werden. Eingestellt werden kann die Verz\u00f6gerung f\u00fcr die Kartenausgabe und den Start der n\u00e4chsten Partie. Den <b>Spieleraktion<\/b> kann eine Zeitspanne von 5 bis 60 Sekunden einger\u00e4umt werden.<\/li>\n<\/ul>\n\n\n\n<figure class=\"wp-block-gallery columns-1 is-cropped\"><ul class=\"blocks-gallery-grid\"><li class=\"blocks-gallery-item\"><figure><img decoding=\"async\" loading=\"lazy\" width=\"406\" height=\"325\" src=\"https:\/\/bj21.de\/wp-content\/uploads\/2020\/12\/start.jpg\" alt=\"\" data-id=\"114\" data-full-url=\"https:\/\/bj21.de\/wp-content\/uploads\/2020\/12\/start.jpg\" data-link=\"https:\/\/bj21.de\/index.php\/black-jack-profi-meine-software\/start\/\" class=\"wp-image-114\" srcset=\"https:\/\/bj21.de\/wp-content\/uploads\/2020\/12\/start.jpg 406w, https:\/\/bj21.de\/wp-content\/uploads\/2020\/12\/start-300x240.jpg 300w\" sizes=\"(max-width: 406px) 100vw, 406px\" \/><\/figure><\/li><\/ul><\/figure>\n\n\n\n<figure class=\"wp-block-gallery has-nested-images columns-default is-cropped wp-block-gallery-1 is-layout-flex\">\n<figure class=\"wp-block-image size-large\"><img decoding=\"async\" loading=\"lazy\" width=\"1024\" height=\"576\" data-id=\"108\"  src=\"https:\/\/bj21.de\/wp-content\/uploads\/2020\/12\/table1-1024x576.jpg\" alt=\"\" class=\"wp-image-108\" srcset=\"https:\/\/bj21.de\/wp-content\/uploads\/2020\/12\/table1-1024x576.jpg 1024w, https:\/\/bj21.de\/wp-content\/uploads\/2020\/12\/table1-300x169.jpg 300w, https:\/\/bj21.de\/wp-content\/uploads\/2020\/12\/table1-768x432.jpg 768w, https:\/\/bj21.de\/wp-content\/uploads\/2020\/12\/table1.jpg 1267w\" sizes=\"(max-width: 1024px) 100vw, 1024px\" \/><\/figure>\n<\/figure>\n\n\n\n<p><a href=\"https:\/\/bj21.de\/downloads\/bjp-setup.exe\">Black Jack Profi herunterladen<\/a>.<\/p>\n","protected":false},"excerpt":{"rendered":"<p>Das Programm Black Jack Profi hat zwei Gesichter: Black Jack Profi herunterladen. Zur Version Black Jack Profi free: Die Anzahl der Spieler kann zwischen 1 und 7 gew\u00e4hlt werden. F\u00fcr jeden Spieler k\u00f6nnen Sie entscheiden ob Sie selbst oder der Computer (Robot) spielt. Beliebig lang k\u00f6nnen Sie ein Casino-Atmosph\u00e4re simulieren. Bis Sie stoppen, werden Karten [&hellip;]<\/p>\n","protected":false},"author":1,"featured_media":65,"parent":0,"menu_order":0,"comment_status":"closed","ping_status":"closed","template":"","meta":[],"yoast_head":"<!-- This site is optimized with the Yoast SEO plugin v21.8.1 - https:\/\/yoast.com\/wordpress\/plugins\/seo\/ -->\n<title>Black Jack Profi free - Black Jack<\/title>\n<meta name=\"robots\" content=\"index, follow, max-snippet:-1, max-image-preview:large, max-video-preview:-1\" \/>\n<link rel=\"canonical\" href=\"https:\/\/bj21.de\/index.php\/black-jack-profi-free\/\" \/>\n<meta property=\"og:locale\" content=\"de_DE\" \/>\n<meta property=\"og:type\" content=\"article\" \/>\n<meta property=\"og:title\" content=\"Black Jack Profi free - Black Jack\" \/>\n<meta property=\"og:description\" content=\"Das Programm Black Jack Profi hat zwei Gesichter: Black Jack Profi herunterladen. Zur Version Black Jack Profi free: Die Anzahl der Spieler kann zwischen 1 und 7 gew\u00e4hlt werden. F\u00fcr jeden Spieler k\u00f6nnen Sie entscheiden ob Sie selbst oder der Computer (Robot) spielt. Beliebig lang k\u00f6nnen Sie ein Casino-Atmosph\u00e4re simulieren. Bis Sie stoppen, werden Karten [&hellip;]\" \/>\n<meta property=\"og:url\" content=\"https:\/\/bj21.de\/index.php\/black-jack-profi-free\/\" \/>\n<meta property=\"og:site_name\" content=\"Black Jack\" \/>\n<meta property=\"article:modified_time\" content=\"2023-05-24T19:54:09+00:00\" \/>\n<meta property=\"og:image\" content=\"https:\/\/bj21.de\/wp-content\/uploads\/2020\/12\/software1.jpg\" \/>\n\t<meta property=\"og:image:width\" content=\"1920\" \/>\n\t<meta property=\"og:image:height\" content=\"1080\" \/>\n\t<meta property=\"og:image:type\" content=\"image\/jpeg\" \/>\n<meta name=\"twitter:card\" content=\"summary_large_image\" \/>\n<meta name=\"twitter:label1\" content=\"Gesch\u00e4tzte Lesezeit\" \/>\n\t<meta name=\"twitter:data1\" content=\"1\u00a0Minute\" \/>\n<script type=\"application\/ld+json\" class=\"yoast-schema-graph\">{\"@context\":\"https:\/\/schema.org\",\"@graph\":[{\"@type\":\"WebPage\",\"@id\":\"https:\/\/bj21.de\/index.php\/black-jack-profi-free\/\",\"url\":\"https:\/\/bj21.de\/index.php\/black-jack-profi-free\/\",\"name\":\"Black Jack Profi free - Black Jack\",\"isPartOf\":{\"@id\":\"https:\/\/bj21.de\/#website\"},\"datePublished\":\"2020-12-12T12:43:08+00:00\",\"dateModified\":\"2023-05-24T19:54:09+00:00\",\"breadcrumb\":{\"@id\":\"https:\/\/bj21.de\/index.php\/black-jack-profi-free\/#breadcrumb\"},\"inLanguage\":\"de\",\"potentialAction\":[{\"@type\":\"ReadAction\",\"target\":[\"https:\/\/bj21.de\/index.php\/black-jack-profi-free\/\"]}]},{\"@type\":\"BreadcrumbList\",\"@id\":\"https:\/\/bj21.de\/index.php\/black-jack-profi-free\/#breadcrumb\",\"itemListElement\":[{\"@type\":\"ListItem\",\"position\":1,\"name\":\"Startseite\",\"item\":\"https:\/\/bj21.de\/\"},{\"@type\":\"ListItem\",\"position\":2,\"name\":\"Black Jack Profi free\"}]},{\"@type\":\"WebSite\",\"@id\":\"https:\/\/bj21.de\/#website\",\"url\":\"https:\/\/bj21.de\/\",\"name\":\"Black Jack\",\"description\":\"fairstes Casino-Spiel\",\"potentialAction\":[{\"@type\":\"SearchAction\",\"target\":{\"@type\":\"EntryPoint\",\"urlTemplate\":\"https:\/\/bj21.de\/?s={search_term_string}\"},\"query-input\":\"required name=search_term_string\"}],\"inLanguage\":\"de\"}]}<\/script>\n<!-- \/ Yoast SEO plugin. -->","yoast_head_json":{"title":"Black Jack Profi free - Black Jack","robots":{"index":"index","follow":"follow","max-snippet":"max-snippet:-1","max-image-preview":"max-image-preview:large","max-video-preview":"max-video-preview:-1"},"canonical":"https:\/\/bj21.de\/index.php\/black-jack-profi-free\/","og_locale":"de_DE","og_type":"article","og_title":"Black Jack Profi free - Black Jack","og_description":"Das Programm Black Jack Profi hat zwei Gesichter: Black Jack Profi herunterladen. Zur Version Black Jack Profi free: Die Anzahl der Spieler kann zwischen 1 und 7 gew\u00e4hlt werden. F\u00fcr jeden Spieler k\u00f6nnen Sie entscheiden ob Sie selbst oder der Computer (Robot) spielt. Beliebig lang k\u00f6nnen Sie ein Casino-Atmosph\u00e4re simulieren. Bis Sie stoppen, werden Karten [&hellip;]","og_url":"https:\/\/bj21.de\/index.php\/black-jack-profi-free\/","og_site_name":"Black Jack","article_modified_time":"2023-05-24T19:54:09+00:00","og_image":[{"width":1920,"height":1080,"url":"https:\/\/bj21.de\/wp-content\/uploads\/2020\/12\/software1.jpg","type":"image\/jpeg"}],"twitter_card":"summary_large_image","twitter_misc":{"Gesch\u00e4tzte Lesezeit":"1\u00a0Minute"},"schema":{"@context":"https:\/\/schema.org","@graph":[{"@type":"WebPage","@id":"https:\/\/bj21.de\/index.php\/black-jack-profi-free\/","url":"https:\/\/bj21.de\/index.php\/black-jack-profi-free\/","name":"Black Jack Profi free - Black Jack","isPartOf":{"@id":"https:\/\/bj21.de\/#website"},"datePublished":"2020-12-12T12:43:08+00:00","dateModified":"2023-05-24T19:54:09+00:00","breadcrumb":{"@id":"https:\/\/bj21.de\/index.php\/black-jack-profi-free\/#breadcrumb"},"inLanguage":"de","potentialAction":[{"@type":"ReadAction","target":["https:\/\/bj21.de\/index.php\/black-jack-profi-free\/"]}]},{"@type":"BreadcrumbList","@id":"https:\/\/bj21.de\/index.php\/black-jack-profi-free\/#breadcrumb","itemListElement":[{"@type":"ListItem","position":1,"name":"Startseite","item":"https:\/\/bj21.de\/"},{"@type":"ListItem","position":2,"name":"Black Jack Profi free"}]},{"@type":"WebSite","@id":"https:\/\/bj21.de\/#website","url":"https:\/\/bj21.de\/","name":"Black Jack","description":"fairstes Casino-Spiel","potentialAction":[{"@type":"SearchAction","target":{"@type":"EntryPoint","urlTemplate":"https:\/\/bj21.de\/?s={search_term_string}"},"query-input":"required name=search_term_string"}],"inLanguage":"de"}]}},"_links":{"self":[{"href":"https:\/\/bj21.de\/index.php\/wp-json\/wp\/v2\/pages\/14"}],"collection":[{"href":"https:\/\/bj21.de\/index.php\/wp-json\/wp\/v2\/pages"}],"about":[{"href":"https:\/\/bj21.de\/index.php\/wp-json\/wp\/v2\/types\/page"}],"author":[{"embeddable":true,"href":"https:\/\/bj21.de\/index.php\/wp-json\/wp\/v2\/users\/1"}],"replies":[{"embeddable":true,"href":"https:\/\/bj21.de\/index.php\/wp-json\/wp\/v2\/comments?post=14"}],"version-history":[{"count":27,"href":"https:\/\/bj21.de\/index.php\/wp-json\/wp\/v2\/pages\/14\/revisions"}],"predecessor-version":[{"id":177,"href":"https:\/\/bj21.de\/index.php\/wp-json\/wp\/v2\/pages\/14\/revisions\/177"}],"wp:featuredmedia":[{"embeddable":true,"href":"https:\/\/bj21.de\/index.php\/wp-json\/wp\/v2\/media\/65"}],"wp:attachment":[{"href":"https:\/\/bj21.de\/index.php\/wp-json\/wp\/v2\/media?parent=14"}],"curies":[{"name":"wp","href":"https:\/\/api.w.org\/{rel}","templated":true}]}}